{"id":220,"date":"2011-08-12T16:24:05","date_gmt":"2011-08-12T16:24:05","guid":{"rendered":"http:\/\/themes.themegoods2.com\/core\/?page_id=2"},"modified":"2024-12-31T13:40:03","modified_gmt":"2024-12-31T12:40:03","slug":"sample-page","status":"publish","type":"page","link":"https:\/\/eska-kayser.com\/","title":{"rendered":"biographie"},"content":{"rendered":"<table cellspacing=\"0\" cellpadding=\"0\">\n<tbody>\n<tr>\n<td style=\"padding-left: 180px; text-align: left;\" valign=\"top\">Tr\u00e8s jeune, Eska Kayser aime dessiner \u00e0 la plume, \u00e0 l\u2019encre de chine.<\/td>\n<\/tr>\n<tr style=\"padding-left: 180px;\">\n<td style=\"padding-left: 180px; text-align: left;\" valign=\"top\">D\u00e8s le lyc\u00e9e, \u00e0 Nancy, elle suit les cours de dessin, le soir, \u00e0 l\u2019\u00c9cole des Beaux-Arts, puis la fr\u00e9quente deux ans en tant qu\u2019\u00e9tudiante ; elle se pr\u00e9sente \u00e0 l\u2019\u00c9cole des Beaux-Arts de Paris, section peinture, et en sort avec le Grand Prix de Rome, en 1963. Parall\u00e8lement, elle suit des cours d\u2019Histoire de l\u2019Art \u00e0 la Sorbonne. Elle fr\u00e9quente avec bonheur mus\u00e9es et galeries parisiennes.<\/td>\n<\/tr>\n<tr style=\"padding-left: 60px;\">\n<td style=\"padding-left: 60px;\" valign=\"top\"><img data-attachment-id=\"720\" data-permalink=\"https:\/\/eska-kayser.com\/?attachment_id=720\" data-orig-file=\"https:\/\/i0.wp.com\/eska-kayser.com\/wp-content\/uploads\/2016\/06\/aimg014.jpg?fit=1600%2C1949&amp;ssl=1\" data-orig-size=\"1600,1949\" data-comments-opened=\"0\" data-image-meta=\"{&quot;aperture&quot;:&quot;0&quot;,&quot;credit&quot;:&quot;&quot;,&quot;camera&quot;:&quot;&quot;,&quot;caption&quot;:&quot;&quot;,&quot;created_timestamp&quot;:&quot;0&quot;,&quot;copyright&quot;:&quot;&quot;,&quot;focal_length&quot;:&quot;0&quot;,&quot;iso&quot;:&quot;0&quot;,&quot;shutter_speed&quot;:&quot;0&quot;,&quot;title&quot;:&quot;&quot;,&quot;orientation&quot;:&quot;0&quot;}\" data-image-title=\"1998, Murmures\" data-image-description=\"&lt;p&gt;Eska Kayser, &lt;em&gt;Murmures&lt;\/em&gt;&lt;\/p&gt;\n\" data-image-caption=\"&lt;p&gt;Eska Kayser, Murmures&lt;\/p&gt;\n\" data-medium-file=\"https:\/\/i0.wp.com\/eska-kayser.com\/wp-content\/uploads\/2016\/06\/aimg014.jpg?fit=246%2C300&amp;ssl=1\" data-large-file=\"https:\/\/i0.wp.com\/eska-kayser.com\/wp-content\/uploads\/2016\/06\/aimg014.jpg?fit=800%2C974&amp;ssl=1\" loading=\"lazy\" class=\"size-medium wp-image-720 aligncenter\" src=\"https:\/\/i0.wp.com\/eska-kayser.com\/wp-content\/uploads\/2016\/06\/aimg014.jpg?resize=246%2C300\" alt=\"Eska Kayser, Murmures\" width=\"246\" height=\"300\" srcset=\"https:\/\/i0.wp.com\/eska-kayser.com\/wp-content\/uploads\/2016\/06\/aimg014.jpg?resize=246%2C300&amp;ssl=1 246w, https:\/\/i0.wp.com\/eska-kayser.com\/wp-content\/uploads\/2016\/06\/aimg014.jpg?resize=768%2C936&amp;ssl=1 768w, https:\/\/i0.wp.com\/eska-kayser.com\/wp-content\/uploads\/2016\/06\/aimg014.jpg?resize=841%2C1024&amp;ssl=1 841w, https:\/\/i0.wp.com\/eska-kayser.com\/wp-content\/uploads\/2016\/06\/aimg014.jpg?w=1600&amp;ssl=1 1600w\" sizes=\"(max-width: 246px) 100vw, 246px\" data-recalc-dims=\"1\" \/><\/td>\n<\/tr>\n<tr style=\"padding-left: 60px;\">\n<td style=\"padding-left: 60px;\" valign=\"top\"><\/td>\n<\/tr>\n<tr style=\"padding-left: 60px;\">\n<td style=\"padding-left: 60px; text-align: center;\" valign=\"top\"><em><span style=\"color: #808080;\">Murmures<\/span><\/em><\/td>\n<\/tr>\n<tr style=\"padding-left: 60px;\">\n<td style=\"padding-left: 60px;\" valign=\"top\"><\/td>\n<\/tr>\n<tr style=\"padding-left: 60px;\">\n<td style=\"padding-left: 60px;\" valign=\"top\">\n<p style=\"padding-left: 120px;\">Figurative-libre, alors que la mode est \u00e0 l\u2019abstraction. Isol\u00e9e, elle peint ce qui lui est proche : la femme qui regorge d\u2019amour. Rondeurs, son ventre et son myst\u00e8re. Des femmes n\u2019osent pas, les siennes osent, obstin\u00e9es \u00e0 se r\u00e9aliser malgr\u00e9 les attributs qui lui sont coll\u00e9s, elles sont crucifi\u00e9es, supplici\u00e9es dans l\u2019accomplissement de leurs d\u00e9sirs, souvent contradictoires.<\/p>\n<\/td>\n<\/tr>\n<tr style=\"padding-left: 150px;\">\n<td style=\"padding-left: 180px;\" valign=\"top\">Elle se laisse immerger par les \u00e9v\u00e9nements que la radio relate, impressionner par les lectures, les spectacles, la musique. Il y a la souffrance humaine, elle la peint, souvent l\u2019humour la c\u00f4toie. Le blanc \u00e9touffe la carnation, tant\u00f4t tornade qui efface, tant\u00f4t surface caressante. Des \u00e9claboussures en mosa\u00efque enrayent les cris. Tendresse, duplicit\u00e9, incommunicabilit\u00e9, jalousie, besoin d\u2019\u00e9craser l\u2019autre, d\u00e9rision, d\u00e9passement de soi. Les \u00eatres en latence rencontrent des visages mur\u00e9s .<\/td>\n<\/tr>\n<tr style=\"padding-left: 120px;\">\n<td style=\"padding-left: 180px;\" valign=\"top\">Elle joue avec des \u00e9chelles diff\u00e9rentes, un individu lointain dans l\u2019espace ou dans le temps c\u00f4toie l\u2019\u00eatre pr\u00e9sent. Peintures de visages-paysages, visages r\u00e9duits \u00e0 leur contour, profondeur de champ brumeux et perspective g\u00e9om\u00e9trique.<\/td>\n<\/tr>\n<tr style=\"padding-left: 90px;\">\n<td style=\"padding-left: 90px;\" valign=\"top\"><\/td>\n<\/tr>\n<tr style=\"padding-left: 60px;\">\n<td style=\"padding-left: 60px;\" valign=\"top\"><img data-attachment-id=\"2359\" data-permalink=\"https:\/\/eska-kayser.com\/?attachment_id=2359\" data-orig-file=\"https:\/\/i0.wp.com\/eska-kayser.com\/wp-content\/uploads\/IMG_2133.jpg?fit=2862%2C3487&amp;ssl=1\" data-orig-size=\"2862,3487\" data-comments-opened=\"0\" data-image-meta=\"{&quot;aperture&quot;:&quot;2.2&quot;,&quot;credit&quot;:&quot;&quot;,&quot;camera&quot;:&quot;iPhone 6s&quot;,&quot;caption&quot;:&quot;&quot;,&quot;created_timestamp&quot;:&quot;1561125521&quot;,&quot;copyright&quot;:&quot;&quot;,&quot;focal_length&quot;:&quot;4.15&quot;,&quot;iso&quot;:&quot;40&quot;,&quot;shutter_speed&quot;:&quot;0.03030303030303&quot;,&quot;title&quot;:&quot;&quot;,&quot;orientation&quot;:&quot;1&quot;}\" data-image-title=\"Jouvenc&amp;rsquo;elles, 2019\" data-image-description=\"&lt;p&gt;100 x 80 cm&lt;\/p&gt;\n\" data-image-caption=\"&lt;p&gt;Jouvenc&amp;rsquo;elles, 2019&lt;\/p&gt;\n\" data-medium-file=\"https:\/\/i0.wp.com\/eska-kayser.com\/wp-content\/uploads\/IMG_2133.jpg?fit=246%2C300&amp;ssl=1\" data-large-file=\"https:\/\/i0.wp.com\/eska-kayser.com\/wp-content\/uploads\/IMG_2133.jpg?fit=800%2C975&amp;ssl=1\" loading=\"lazy\" class=\"size-medium wp-image-2359 aligncenter\" src=\"https:\/\/i0.wp.com\/eska-kayser.com\/wp-content\/uploads\/IMG_2133.jpg?resize=246%2C300\" alt=\"\" width=\"246\" height=\"300\" srcset=\"https:\/\/i0.wp.com\/eska-kayser.com\/wp-content\/uploads\/IMG_2133.jpg?resize=246%2C300&amp;ssl=1 246w, https:\/\/i0.wp.com\/eska-kayser.com\/wp-content\/uploads\/IMG_2133.jpg?resize=768%2C936&amp;ssl=1 768w, https:\/\/i0.wp.com\/eska-kayser.com\/wp-content\/uploads\/IMG_2133.jpg?resize=840%2C1024&amp;ssl=1 840w, https:\/\/i0.wp.com\/eska-kayser.com\/wp-content\/uploads\/IMG_2133.jpg?w=1600 1600w, https:\/\/i0.wp.com\/eska-kayser.com\/wp-content\/uploads\/IMG_2133.jpg?w=2400 2400w\" sizes=\"(max-width: 246px) 100vw, 246px\" data-recalc-dims=\"1\" \/><\/td>\n<\/tr>\n<tr style=\"padding-left: 60px;\">\n<td style=\"padding-left: 60px; text-align: center;\" valign=\"top\"><span style=\"color: #808080;\"><em>Jouvenc&rsquo;elles, 2019<\/em><\/span><\/td>\n<\/tr>\n<tr style=\"padding-left: 60px;\">\n<td style=\"padding-left: 60px;\" valign=\"top\"><\/td>\n<\/tr>\n<tr style=\"padding-left: 60px;\">\n<td style=\"padding-left: 60px;\" valign=\"top\">\n<p style=\"padding-left: 120px;\">Elle utilise des mati\u00e8res qui jouent comme des couleurs sur une toile de lin brute. Pigments pos\u00e9s \u00e0 la colle, ciment, papiers froiss\u00e9s, papiers m\u00e9talliques, tissus de diff\u00e9rentes textures, points de couture, peintures \u00e0 l\u2019huile, parfois peintures acryliques.<\/p>\n<\/td>\n<\/tr>\n<tr style=\"padding-left: 90px;\">\n<td style=\"padding-left: 90px;\" valign=\"top\"><\/td>\n<\/tr>\n<tr style=\"padding-left: 60px;\">\n<td style=\"padding-left: 60px;\" valign=\"top\"><img data-attachment-id=\"963\" data-permalink=\"https:\/\/eska-kayser.com\/?attachment_id=963\" data-orig-file=\"https:\/\/i0.wp.com\/eska-kayser.com\/wp-content\/uploads\/2012\/04\/LWYD7861.jpg?fit=1059%2C1087&amp;ssl=1\" data-orig-size=\"1059,1087\" data-comments-opened=\"0\" data-image-meta=\"{&quot;aperture&quot;:&quot;4&quot;,&quot;credit&quot;:&quot;&quot;,&quot;camera&quot;:&quot;Canon EOS 750D&quot;,&quot;caption&quot;:&quot;&quot;,&quot;created_timestamp&quot;:&quot;1489010697&quot;,&quot;copyright&quot;:&quot;&quot;,&quot;focal_length&quot;:&quot;26&quot;,&quot;iso&quot;:&quot;1600&quot;,&quot;shutter_speed&quot;:&quot;0.033333333333333&quot;,&quot;title&quot;:&quot;&quot;,&quot;orientation&quot;:&quot;1&quot;}\" data-image-title=\"2015, Sortie de table &#8211; 30 x 28 cm\" data-image-description=\"&lt;p&gt;Eska Kayser, 2015, &lt;strong&gt;Sortie de table&lt;\/strong&gt; &#8211; 30 x 28 cm&lt;\/p&gt;\n\" data-image-caption=\"&lt;p&gt;2015, Sortie de table &#8211; 30 x 28 cm&lt;\/p&gt;\n\" data-medium-file=\"https:\/\/i0.wp.com\/eska-kayser.com\/wp-content\/uploads\/2012\/04\/LWYD7861.jpg?fit=292%2C300&amp;ssl=1\" data-large-file=\"https:\/\/i0.wp.com\/eska-kayser.com\/wp-content\/uploads\/2012\/04\/LWYD7861.jpg?fit=800%2C821&amp;ssl=1\" loading=\"lazy\" class=\"size-medium wp-image-963 aligncenter\" src=\"https:\/\/i0.wp.com\/eska-kayser.com\/wp-content\/uploads\/2012\/04\/LWYD7861.jpg?resize=292%2C300\" alt=\"2015, Sortie de table - 30 x 28 cm\" width=\"292\" height=\"300\" srcset=\"https:\/\/i0.wp.com\/eska-kayser.com\/wp-content\/uploads\/2012\/04\/LWYD7861.jpg?resize=292%2C300&amp;ssl=1 292w, https:\/\/i0.wp.com\/eska-kayser.com\/wp-content\/uploads\/2012\/04\/LWYD7861.jpg?resize=768%2C788&amp;ssl=1 768w, https:\/\/i0.wp.com\/eska-kayser.com\/wp-content\/uploads\/2012\/04\/LWYD7861.jpg?resize=998%2C1024&amp;ssl=1 998w, https:\/\/i0.wp.com\/eska-kayser.com\/wp-content\/uploads\/2012\/04\/LWYD7861.jpg?w=1059&amp;ssl=1 1059w\" sizes=\"(max-width: 292px) 100vw, 292px\" data-recalc-dims=\"1\" \/><\/td>\n<\/tr>\n<tr style=\"padding-left: 60px;\">\n<td style=\"padding-left: 60px; text-align: center;\" valign=\"top\"><span style=\"color: #808080;\"><em>Sortie de table<\/em><\/span><\/td>\n<\/tr>\n<tr style=\"padding-left: 60px;\">\n<td style=\"padding-left: 60px;\" valign=\"top\"><\/td>\n<\/tr>\n<tr style=\"padding-left: 60px;\">\n<td style=\"padding-left: 60px;\" valign=\"top\">\n<p style=\"padding-left: 120px;\">Pens\u00e9es folles, corps dont l\u2019arabesque est volontairement inachev\u00e9e, rai de lumi\u00e8re sur certains visages, rencontres s\u00e9curisantes .<\/p>\n<\/td>\n<\/tr>\n<tr style=\"padding-left: 150px;\">\n<td style=\"padding-left: 180px;\" valign=\"top\">Sa peinture se veut \u00e9perdument humaine.<\/td>\n<\/tr>\n<tr style=\"padding-left: 90px;\">\n<td style=\"padding-left: 90px; text-align: center;\" valign=\"top\">&#8212;&#8212;&#8212;-<\/td>\n<\/tr>\n<tr style=\"padding-left: 60px;\">\n<td style=\"padding-left: 60px;\" valign=\"top\"><\/td>\n<\/tr>\n<tr style=\"padding-left: 60px;\">\n<td style=\"padding-left: 60px;\" valign=\"top\"><\/td>\n<\/tr>\n<tr style=\"padding-left: 60px;\">\n<td style=\"padding-left: 60px;\" valign=\"top\"><\/td>\n<\/tr>\n<tr style=\"padding-left: 60px;\">\n<td style=\"padding-left: 60px;\" valign=\"top\"><b>Distinctions<\/b> :<\/td>\n<\/tr>\n<tr style=\"padding-left: 60px;\">\n<td style=\"padding-left: 60px;\" valign=\"top\"><\/td>\n<\/tr>\n<tr style=\"padding-left: 60px;\">\n<td style=\"padding-left: 180px;\" valign=\"top\">1961 : Prix Lefranc<\/td>\n<\/tr>\n<tr style=\"padding-left: 180px;\">\n<td style=\"padding-left: 180px;\" valign=\"top\">1963 : Grand Prix de Rome de peinture<\/td>\n<\/tr>\n<tr style=\"padding-left: 180px;\">\n<td style=\"padding-left: 180px;\" valign=\"top\">1964 : Prix Othon-Friesz<\/td>\n<\/tr>\n<tr style=\"padding-left: 180px;\">\n<td style=\"padding-left: 180px;\" valign=\"top\">1965 : Prix du D\u00f4me\/Prix de Barbizon<\/td>\n<\/tr>\n<tr style=\"padding-left: 180px;\">\n<td style=\"padding-left: 180px;\" valign=\"top\">1994 : Prix Herm\u00e8s\/Prix de la ville de Thionville<\/td>\n<\/tr>\n<tr style=\"padding-left: 180px;\">\n<td style=\"padding-left: 180px; text-align: center;\" valign=\"top\">&#8212;&#8212;&#8212;-<\/td>\n<\/tr>\n<tr style=\"padding-left: 180px;\">\n<td style=\"padding-left: 180px; text-align: left;\" valign=\"top\"><\/td>\n<\/tr>\n<tr style=\"padding-left: 60px;\">\n<td style=\"padding-left: 60px; text-align: left;\" valign=\"top\">Eska Kayser est aussi pr\u00e9sente sur<strong> l&rsquo;encyclop\u00e9die libre<\/strong> <b>:<\/b> <span style=\"color: #0000ff;\"><a style=\"color: #0000ff;\" href=\"https:\/\/fr.wikipedia.org\/wiki\/Eska_Kayser\">https:\/\/fr.wikipedia.org\/wiki\/Eska_Kayser<\/a><\/span><\/td>\n<\/tr>\n<\/tbody>\n<\/table>\n<p style=\"padding-left: 60px; text-align: center;\">\n","protected":false},"excerpt":{"rendered":"<p>Tr\u00e8s jeune, Eska Kayser aime dessiner \u00e0 la plume, \u00e0 l\u2019encre de chine. D\u00e8s le lyc\u00e9e, \u00e0 Nancy, elle suit les cours de dessin, le [&#8230;]<\/p>\n","protected":false},"author":1,"featured_media":0,"parent":0,"menu_order":0,"comment_status":"open","ping_status":"open","template":"","meta":[],"jetpack_sharing_enabled":true,"jetpack_shortlink":"https:\/\/wp.me\/P8H94R-3y","jetpack-related-posts":[{"id":64,"url":"https:\/\/eska-kayser.com\/?page_id=64","url_meta":{"origin":220,"position":0},"title":"Livre d&rsquo;or","date":"11 mai 2011","format":false,"excerpt":"Ils \u00a0ont \u00a0dit... La superposition des transparences On part toujours du corps dans sa transparence, dans la proportion d'une longueur par rapport \u00e0 une autre ; le corps dans son agilit\u00e9, sa fragilit\u00e9, ses accidents de parcours. De ces accidents, Eska Kayser fait toute une histoire fine.\u00a0De la douleur d'os,\u2026","rel":"","context":"Article similaire","img":{"alt_text":"","src":"https:\/\/i0.wp.com\/eska-kayser.com\/wp-content\/uploads\/IMG_3754-228x300.jpg?resize=350%2C200","width":350,"height":200},"classes":[]},{"id":2,"url":"https:\/\/eska-kayser.com\/?page_id=2","url_meta":{"origin":220,"position":1},"title":"Principales expositions","date":"17 mars 2016","format":false,"excerpt":"2021 : Galerie Lee, Paris https:\/\/youtu.be\/tQ2SFpIzWD4?feature=shared 2019 : Galerie Lee, Paris https:\/\/youtu.be\/Sdppa7JyUUk?feature=shared 2018 : Galerie Lee, Paris 2016\u00a0: Galerie Espace, Arcueil\u00a0https:\/\/youtu.be\/3rxFCO-H1D4?feature=shared 2014 2012 2011\u00a0 Galerie Dufay-Bonnet. Paris Galerie Dufay-Bonnet. Paris Galerie Dufay-Bonnet. Paris 2006\u00a0 Galerie Margaron. Paris\u00a0: Pr\u00e9sentation du livre \"Eska Kayser\", texte Fran\u00e7oise Monnin, 2005\u00a0 Galerie Moulin. Villeneuve d'Ascq\u2026","rel":"","context":"Article similaire","img":{"alt_text":"","src":"https:\/\/i0.wp.com\/eska-kayser.com\/wp-content\/uploads\/EK-2021-invitation-253x300.jpeg?resize=350%2C200","width":350,"height":200},"classes":[]},{"id":2745,"url":"https:\/\/eska-kayser.com\/?page_id=2745","url_meta":{"origin":220,"position":2},"title":"Actualit\u00e9 2025","date":"30 d\u00e9cembre 2024","format":false,"excerpt":"SAVE THE DATE Vernissage le 23\/01\/2025 Exposition du 23 janvier au 6 f\u00e9vrier Un livre de pages inflammables et non un catalogue compl\u00e8te l\u2019exposition. EN CES TEMPS TROUBL\u00c9S, La sensible Eska nous donne \u00e0 voir des images existentielles d\u2019une singuli\u00e8re puissance. Figurative sans \u00eatre r\u00e9aliste, ses coups de pinceau sont\u2026","rel":"","context":"Article similaire","img":{"alt_text":"","src":"https:\/\/i0.wp.com\/eska-kayser.com\/wp-content\/uploads\/IMG_1454-scaled.jpeg?resize=350%2C200&ssl=1","width":350,"height":200},"classes":[]},{"id":1265,"url":"https:\/\/eska-kayser.com\/?page_id=1265","url_meta":{"origin":220,"position":3},"title":"Publications","date":"6 avril 2017","format":false,"excerpt":"Auteurs : Christian Noorbergen et Jeanne Gatard \u00c9diteur : Lelivredart Parution : 02\/11\/2021 Nombre de pages : 48 Achat en ligne : www.lelivredart.com\/project\/eska-kayser-les-opalines Auteurs : \u00a0Pierre Souchaud\u00a0et\u00a0Fran\u00e7oise Monnin \u00c9diteur : Iconofolio Collection :\u00a0Artension Parution : 13\/12\/2005 Nombre de pages : 47 Pr\u00e9faciers\u00a0:\u00a0Claude Debru\u00a0et\u00a0Tonia Cariffa\u00a0 Parution : 1990 Nombre de pages\u2026","rel":"","context":"Article similaire","img":{"alt_text":"","src":"https:\/\/i0.wp.com\/eska-kayser.com\/wp-content\/uploads\/F831A3E6-7802-48B6-A053-DA96EED1F313-253x300.jpeg?resize=350%2C200","width":350,"height":200},"classes":[]}],"_links":{"self":[{"href":"https:\/\/eska-kayser.com\/index.php?rest_route=\/wp\/v2\/pages\/220"}],"collection":[{"href":"https:\/\/eska-kayser.com\/index.php?rest_route=\/wp\/v2\/pages"}],"about":[{"href":"https:\/\/eska-kayser.com\/index.php?rest_route=\/wp\/v2\/types\/page"}],"author":[{"embeddable":true,"href":"https:\/\/eska-kayser.com\/index.php?rest_route=\/wp\/v2\/users\/1"}],"replies":[{"embeddable":true,"href":"https:\/\/eska-kayser.com\/index.php?rest_route=%2Fwp%2Fv2%2Fcomments&post=220"}],"version-history":[{"count":301,"href":"https:\/\/eska-kayser.com\/index.php?rest_route=\/wp\/v2\/pages\/220\/revisions"}],"predecessor-version":[{"id":2768,"href":"https:\/\/eska-kayser.com\/index.php?rest_route=\/wp\/v2\/pages\/220\/revisions\/2768"}],"wp:attachment":[{"href":"https:\/\/eska-kayser.com\/index.php?rest_route=%2Fwp%2Fv2%2Fmedia&parent=220"}],"curies":[{"name":"wp","href":"https:\/\/api.w.org\/{rel}","templated":true}]}}