{"id":221,"date":"2011-05-11T06:51:57","date_gmt":"2011-05-11T06:51:57","guid":{"rendered":"http:\/\/themes.themegoods2.com\/core\/?page_id=51"},"modified":"2019-10-02T15:52:17","modified_gmt":"2019-10-02T14:52:17","slug":"contact-us","status":"publish","type":"page","link":"https:\/\/eska-kayser.com\/?page_id=221","title":{"rendered":"Contact"},"content":{"rendered":"\n<div class=\"wp-block-image\"><figure class=\"aligncenter is-resized\"><img data-attachment-id=\"2469\" data-permalink=\"https:\/\/eska-kayser.com\/?attachment_id=2469\" data-orig-file=\"https:\/\/i0.wp.com\/eska-kayser.com\/wp-content\/uploads\/image3.jpeg?fit=1043%2C1064&amp;ssl=1\" data-orig-size=\"1043,1064\" data-comments-opened=\"0\" data-image-meta=\"{&quot;aperture&quot;:&quot;0&quot;,&quot;credit&quot;:&quot;&quot;,&quot;camera&quot;:&quot;&quot;,&quot;caption&quot;:&quot;&quot;,&quot;created_timestamp&quot;:&quot;0&quot;,&quot;copyright&quot;:&quot;&quot;,&quot;focal_length&quot;:&quot;0&quot;,&quot;iso&quot;:&quot;0&quot;,&quot;shutter_speed&quot;:&quot;0&quot;,&quot;title&quot;:&quot;&quot;,&quot;orientation&quot;:&quot;0&quot;}\" data-image-title=\"image3\" data-image-description=\"\" data-image-caption=\"\" data-medium-file=\"https:\/\/i0.wp.com\/eska-kayser.com\/wp-content\/uploads\/image3.jpeg?fit=300%2C300&amp;ssl=1\" data-large-file=\"https:\/\/i0.wp.com\/eska-kayser.com\/wp-content\/uploads\/image3.jpeg?fit=800%2C800&amp;ssl=1\" loading=\"lazy\" src=\"https:\/\/i2.wp.com\/eska-kayser.com\/wp-content\/uploads\/image3.jpeg?fit=1024%2C1024\" alt=\"\" class=\"wp-image-2469\" width=\"394\" height=\"401\" srcset=\"https:\/\/i0.wp.com\/eska-kayser.com\/wp-content\/uploads\/image3.jpeg?w=1043&amp;ssl=1 1043w, https:\/\/i0.wp.com\/eska-kayser.com\/wp-content\/uploads\/image3.jpeg?resize=768%2C783&amp;ssl=1 768w, https:\/\/i0.wp.com\/eska-kayser.com\/wp-content\/uploads\/image3.jpeg?resize=80%2C80&amp;ssl=1 80w\" sizes=\"(max-width: 394px) 100vw, 394px\" \/><\/figure><\/div>\n\n\n<ul>\n<li class=\"p1\" style=\"padding-left: 30px;\"><span style=\"color: #808080;\">L&rsquo;atelier se trouve au 17\u00a0<\/span><span style=\"color: #3366ff;\"><a style=\"color: #3366ff;\" href=\"https:\/\/fr.wikipedia.org\/wiki\/Rue_Jules-Chaplain\">rue Jules-Chaplain<\/a><\/span><span style=\"color: #808080;\">, <\/span><span style=\"color: #3366ff;\"><span style=\"color: #3366ff;\"><a style=\"color: #3366ff;\" href=\"https:\/\/fr.wikipedia.org\/wiki\/Quartier_du_Montparnasse#La_communaut.C3.A9_artistique\">quartier Montparnasse<\/a><\/span><\/span><\/li>\n<\/ul>\n<p>\u00a0<\/p>\n<p><span style=\"color: #808080;\"><img data-attachment-id=\"2608\" data-permalink=\"https:\/\/eska-kayser.com\/?attachment_id=2608\" data-orig-file=\"https:\/\/i0.wp.com\/eska-kayser.com\/wp-content\/uploads\/75-mk2-parnasse-paris-3.jpeg?fit=1200%2C798&amp;ssl=1\" data-orig-size=\"1200,798\" data-comments-opened=\"0\" data-image-meta=\"{&quot;aperture&quot;:&quot;0&quot;,&quot;credit&quot;:&quot;&quot;,&quot;camera&quot;:&quot;&quot;,&quot;caption&quot;:&quot;&quot;,&quot;created_timestamp&quot;:&quot;1570034841&quot;,&quot;copyright&quot;:&quot;&quot;,&quot;focal_length&quot;:&quot;0&quot;,&quot;iso&quot;:&quot;0&quot;,&quot;shutter_speed&quot;:&quot;0&quot;,&quot;title&quot;:&quot;&quot;,&quot;orientation&quot;:&quot;0&quot;}\" data-image-title=\"75-mk2-parnasse-paris-3\" data-image-description=\"\" data-image-caption=\"\" data-medium-file=\"https:\/\/i0.wp.com\/eska-kayser.com\/wp-content\/uploads\/75-mk2-parnasse-paris-3.jpeg?fit=300%2C200&amp;ssl=1\" data-large-file=\"https:\/\/i0.wp.com\/eska-kayser.com\/wp-content\/uploads\/75-mk2-parnasse-paris-3.jpeg?fit=800%2C532&amp;ssl=1\" loading=\"lazy\" class=\"aligncenter  wp-image-2608\" src=\"https:\/\/i0.wp.com\/eska-kayser.com\/wp-content\/uploads\/75-mk2-parnasse-paris-3.jpeg?resize=377%2C251\" alt=\"\" width=\"377\" height=\"251\" srcset=\"https:\/\/i0.wp.com\/eska-kayser.com\/wp-content\/uploads\/75-mk2-parnasse-paris-3.jpeg?resize=300%2C200&amp;ssl=1 300w, https:\/\/i0.wp.com\/eska-kayser.com\/wp-content\/uploads\/75-mk2-parnasse-paris-3.jpeg?resize=768%2C511&amp;ssl=1 768w, https:\/\/i0.wp.com\/eska-kayser.com\/wp-content\/uploads\/75-mk2-parnasse-paris-3.jpeg?resize=1024%2C681&amp;ssl=1 1024w, https:\/\/i0.wp.com\/eska-kayser.com\/wp-content\/uploads\/75-mk2-parnasse-paris-3.jpeg?w=1200&amp;ssl=1 1200w\" sizes=\"(max-width: 377px) 100vw, 377px\" data-recalc-dims=\"1\" \/><\/span><\/p>\n<p>\u00a0<\/p>\n<ul>\n<li><span style=\"color: #808080;\">Eska Kayser est aussi pr\u00e9sente sur les r\u00e9seaux sociaux<\/span><span style=\"color: #808080;\">\u00a0<\/span><a style=\"color: #3366ff;\" href=\"https:\/\/www.facebook.com\/eska.kayser\/\">https:\/\/www.facebook.com\/eska.kayser\/<\/a><\/li>\n<\/ul>\n<p style=\"padding-left: 30px;\">\u00a0<\/p>\n\n\n<div class=\"wp-block-image\"><figure class=\"aligncenter is-resized\"><img data-attachment-id=\"2603\" data-permalink=\"https:\/\/eska-kayser.com\/?attachment_id=2603\" data-orig-file=\"https:\/\/i0.wp.com\/eska-kayser.com\/wp-content\/uploads\/Eska-Kayser-dans-son-atelier.jpeg?fit=638%2C960&amp;ssl=1\" data-orig-size=\"638,960\" data-comments-opened=\"0\" data-image-meta=\"{&quot;aperture&quot;:&quot;0&quot;,&quot;credit&quot;:&quot;&quot;,&quot;camera&quot;:&quot;&quot;,&quot;caption&quot;:&quot;&quot;,&quot;created_timestamp&quot;:&quot;1491582944&quot;,&quot;copyright&quot;:&quot;&quot;,&quot;focal_length&quot;:&quot;0&quot;,&quot;iso&quot;:&quot;0&quot;,&quot;shutter_speed&quot;:&quot;0&quot;,&quot;title&quot;:&quot;Eska Kayser&quot;,&quot;orientation&quot;:&quot;0&quot;}\" data-image-title=\"Eska Kayser\" data-image-description=\"\" data-image-caption=\"\" data-medium-file=\"https:\/\/i0.wp.com\/eska-kayser.com\/wp-content\/uploads\/Eska-Kayser-dans-son-atelier.jpeg?fit=199%2C300&amp;ssl=1\" data-large-file=\"https:\/\/i0.wp.com\/eska-kayser.com\/wp-content\/uploads\/Eska-Kayser-dans-son-atelier.jpeg?fit=638%2C638&amp;ssl=1\" loading=\"lazy\" src=\"https:\/\/i0.wp.com\/eska-kayser.com\/wp-content\/uploads\/Eska-Kayser-dans-son-atelier.jpeg?resize=389%2C585\" alt=\"\" class=\"wp-image-2603\" width=\"389\" height=\"585\" srcset=\"https:\/\/i0.wp.com\/eska-kayser.com\/wp-content\/uploads\/Eska-Kayser-dans-son-atelier.jpeg?w=638&amp;ssl=1 638w, https:\/\/i0.wp.com\/eska-kayser.com\/wp-content\/uploads\/Eska-Kayser-dans-son-atelier.jpeg?resize=100%2C150&amp;ssl=1 100w, https:\/\/i0.wp.com\/eska-kayser.com\/wp-content\/uploads\/Eska-Kayser-dans-son-atelier.jpeg?resize=199%2C300&amp;ssl=1 199w\" sizes=\"(max-width: 389px) 100vw, 389px\" data-recalc-dims=\"1\" \/><\/figure><\/div>\n","protected":false},"excerpt":{"rendered":"<p>L&rsquo;atelier se trouve au 17\u00a0rue Jules-Chaplain, quartier Montparnasse \u00a0 \u00a0 Eska Kayser est aussi pr\u00e9sente sur les r\u00e9seaux sociaux\u00a0https:\/\/www.facebook.com\/eska.kayser\/ \u00a0<\/p>\n","protected":false},"author":1,"featured_media":0,"parent":0,"menu_order":0,"comment_status":"open","ping_status":"open","template":"contact.php","meta":[],"jetpack_sharing_enabled":true,"jetpack_shortlink":"https:\/\/wp.me\/P8H94R-3z","jetpack-related-posts":[{"id":64,"url":"https:\/\/eska-kayser.com\/?page_id=64","url_meta":{"origin":221,"position":0},"title":"Livre d&rsquo;or","date":"11 mai 2011","format":false,"excerpt":"Ils \u00a0ont \u00a0dit... La superposition des transparences On part toujours du corps dans sa transparence, dans la proportion d'une longueur par rapport \u00e0 une autre ; le corps dans son agilit\u00e9, sa fragilit\u00e9, ses accidents de parcours. De ces accidents, Eska Kayser fait toute une histoire fine.\u00a0De la douleur d'os,\u2026","rel":"","context":"Article similaire","img":{"alt_text":"","src":"https:\/\/i0.wp.com\/eska-kayser.com\/wp-content\/uploads\/IMG_3754-228x300.jpg?resize=350%2C200","width":350,"height":200},"classes":[]},{"id":2745,"url":"https:\/\/eska-kayser.com\/?page_id=2745","url_meta":{"origin":221,"position":1},"title":"Actualit\u00e9 2025","date":"30 d\u00e9cembre 2024","format":false,"excerpt":"SAVE THE DATE Vernissage le 23\/01\/2025 Exposition du 23 janvier au 6 f\u00e9vrier Un livre de pages inflammables et non un catalogue compl\u00e8te l\u2019exposition. EN CES TEMPS TROUBL\u00c9S, La sensible Eska nous donne \u00e0 voir des images existentielles d\u2019une singuli\u00e8re puissance. Figurative sans \u00eatre r\u00e9aliste, ses coups de pinceau sont\u2026","rel":"","context":"Article similaire","img":{"alt_text":"","src":"https:\/\/i0.wp.com\/eska-kayser.com\/wp-content\/uploads\/IMG_1454-scaled.jpeg?resize=350%2C200&ssl=1","width":350,"height":200},"classes":[]},{"id":220,"url":"https:\/\/eska-kayser.com\/","url_meta":{"origin":221,"position":2},"title":"biographie","date":"12 ao\u00fbt 2011","format":false,"excerpt":"Tr\u00e8s jeune, Eska Kayser aime dessiner \u00e0 la plume, \u00e0 l\u2019encre de chine. D\u00e8s le lyc\u00e9e, \u00e0 Nancy, elle suit les cours de dessin, le soir, \u00e0 l\u2019\u00c9cole des Beaux-Arts, puis la fr\u00e9quente deux ans en tant qu\u2019\u00e9tudiante ; elle se pr\u00e9sente \u00e0 l\u2019\u00c9cole des Beaux-Arts de Paris, section peinture,\u2026","rel":"","context":"Article similaire","img":{"alt_text":"","src":"https:\/\/i0.wp.com\/eska-kayser.com\/wp-content\/uploads\/2016\/06\/aimg014-246x300.jpg?resize=350%2C200","width":350,"height":200},"classes":[]},{"id":2,"url":"https:\/\/eska-kayser.com\/?page_id=2","url_meta":{"origin":221,"position":3},"title":"Principales expositions","date":"17 mars 2016","format":false,"excerpt":"2021 : Galerie Lee, Paris https:\/\/youtu.be\/tQ2SFpIzWD4?feature=shared 2019 : Galerie Lee, Paris https:\/\/youtu.be\/Sdppa7JyUUk?feature=shared 2018 : Galerie Lee, Paris 2016\u00a0: Galerie Espace, Arcueil\u00a0https:\/\/youtu.be\/3rxFCO-H1D4?feature=shared 2014 2012 2011\u00a0 Galerie Dufay-Bonnet. Paris Galerie Dufay-Bonnet. Paris Galerie Dufay-Bonnet. Paris 2006\u00a0 Galerie Margaron. Paris\u00a0: Pr\u00e9sentation du livre \"Eska Kayser\", texte Fran\u00e7oise Monnin, 2005\u00a0 Galerie Moulin. Villeneuve d'Ascq\u2026","rel":"","context":"Article similaire","img":{"alt_text":"","src":"https:\/\/i0.wp.com\/eska-kayser.com\/wp-content\/uploads\/EK-2021-invitation-253x300.jpeg?resize=350%2C200","width":350,"height":200},"classes":[]}],"_links":{"self":[{"href":"https:\/\/eska-kayser.com\/index.php?rest_route=\/wp\/v2\/pages\/221"}],"collection":[{"href":"https:\/\/eska-kayser.com\/index.php?rest_route=\/wp\/v2\/pages"}],"about":[{"href":"https:\/\/eska-kayser.com\/index.php?rest_route=\/wp\/v2\/types\/page"}],"author":[{"embeddable":true,"href":"https:\/\/eska-kayser.com\/index.php?rest_route=\/wp\/v2\/users\/1"}],"replies":[{"embeddable":true,"href":"https:\/\/eska-kayser.com\/index.php?rest_route=%2Fwp%2Fv2%2Fcomments&post=221"}],"version-history":[{"count":46,"href":"https:\/\/eska-kayser.com\/index.php?rest_route=\/wp\/v2\/pages\/221\/revisions"}],"predecessor-version":[{"id":2611,"href":"https:\/\/eska-kayser.com\/index.php?rest_route=\/wp\/v2\/pages\/221\/revisions\/2611"}],"wp:attachment":[{"href":"https:\/\/eska-kayser.com\/index.php?rest_route=%2Fwp%2Fv2%2Fmedia&parent=221"}],"curies":[{"name":"wp","href":"https:\/\/api.w.org\/{rel}","templated":true}]}}