{"id":2726,"date":"2024-06-02T13:00:22","date_gmt":"2024-06-02T12:00:22","guid":{"rendered":"https:\/\/eska-kayser.com\/?page_id=2726"},"modified":"2024-06-02T13:00:29","modified_gmt":"2024-06-02T12:00:29","slug":"catalogue-raisonne-de-loeuvre-sur-papier","status":"publish","type":"page","link":"https:\/\/eska-kayser.com\/?page_id=2726","title":{"rendered":"CATALOGUE RAISONN\u00c9 DE L&rsquo;\u0152UVRE SUR PAPIER"},"content":{"rendered":"\n<p><\/p>\n\n\n\n<div class=\"wp-block-file\"><object class=\"wp-block-file__embed\" data=\"https:\/\/eska-kayser.com\/wp-content\/uploads\/EK-oeuvre-sur-papier-catalogue-raisonne-copie.pdf\" type=\"application\/pdf\" style=\"width:100%;height:600px\" aria-label=\"Contenu embarqu\u00e9 EK-oeuvre-sur-papier-catalogue-raisonne-copie.\"><\/object><a id=\"wp-block-file--media-0fb376ec-2ce7-40da-bdba-598aa5b8bea7\" href=\"https:\/\/eska-kayser.com\/wp-content\/uploads\/EK-oeuvre-sur-papier-catalogue-raisonne-copie.pdf\">EK-oeuvre-sur-papier-catalogue-raisonne-copie<\/a><a href=\"https:\/\/eska-kayser.com\/wp-content\/uploads\/EK-oeuvre-sur-papier-catalogue-raisonne-copie.pdf\" class=\"wp-block-file__button\" download aria-describedby=\"wp-block-file--media-0fb376ec-2ce7-40da-bdba-598aa5b8bea7\">T\u00e9l\u00e9charger<\/a><\/div>\n","protected":false},"excerpt":{"rendered":"","protected":false},"author":1,"featured_media":0,"parent":0,"menu_order":0,"comment_status":"closed","ping_status":"closed","template":"","meta":[],"jetpack_sharing_enabled":true,"jetpack_shortlink":"https:\/\/wp.me\/P8H94R-HY","jetpack-related-posts":[{"id":2745,"url":"https:\/\/eska-kayser.com\/?page_id=2745","url_meta":{"origin":2726,"position":0},"title":"Actualit\u00e9 2025","date":"30 d\u00e9cembre 2024","format":false,"excerpt":"SAVE THE DATE Vernissage le 23\/01\/2025 Exposition du 23 janvier au 6 f\u00e9vrier Un livre de pages inflammables et non un catalogue compl\u00e8te l\u2019exposition. EN CES TEMPS TROUBL\u00c9S, La sensible Eska nous donne \u00e0 voir des images existentielles d\u2019une singuli\u00e8re puissance. Figurative sans \u00eatre r\u00e9aliste, ses coups de pinceau sont\u2026","rel":"","context":"Article similaire","img":{"alt_text":"","src":"https:\/\/i0.wp.com\/eska-kayser.com\/wp-content\/uploads\/IMG_1454-scaled.jpeg?resize=350%2C200&ssl=1","width":350,"height":200},"classes":[]},{"id":64,"url":"https:\/\/eska-kayser.com\/?page_id=64","url_meta":{"origin":2726,"position":1},"title":"Livre d&rsquo;or","date":"11 mai 2011","format":false,"excerpt":"Ils \u00a0ont \u00a0dit... La superposition des transparences On part toujours du corps dans sa transparence, dans la proportion d'une longueur par rapport \u00e0 une autre ; le corps dans son agilit\u00e9, sa fragilit\u00e9, ses accidents de parcours. De ces accidents, Eska Kayser fait toute une histoire fine.\u00a0De la douleur d'os,\u2026","rel":"","context":"Article similaire","img":{"alt_text":"","src":"https:\/\/i0.wp.com\/eska-kayser.com\/wp-content\/uploads\/IMG_3754-228x300.jpg?resize=350%2C200","width":350,"height":200},"classes":[]},{"id":220,"url":"https:\/\/eska-kayser.com\/","url_meta":{"origin":2726,"position":2},"title":"biographie","date":"12 ao\u00fbt 2011","format":false,"excerpt":"Tr\u00e8s jeune, Eska Kayser aime dessiner \u00e0 la plume, \u00e0 l\u2019encre de chine. D\u00e8s le lyc\u00e9e, \u00e0 Nancy, elle suit les cours de dessin, le soir, \u00e0 l\u2019\u00c9cole des Beaux-Arts, puis la fr\u00e9quente deux ans en tant qu\u2019\u00e9tudiante ; elle se pr\u00e9sente \u00e0 l\u2019\u00c9cole des Beaux-Arts de Paris, section peinture,\u2026","rel":"","context":"Article similaire","img":{"alt_text":"","src":"https:\/\/i0.wp.com\/eska-kayser.com\/wp-content\/uploads\/2016\/06\/aimg014-246x300.jpg?resize=350%2C200","width":350,"height":200},"classes":[]},{"id":221,"url":"https:\/\/eska-kayser.com\/?page_id=221","url_meta":{"origin":2726,"position":3},"title":"Contact","date":"11 mai 2011","format":false,"excerpt":"L'atelier se trouve au 17\u00a0rue Jules-Chaplain, quartier Montparnasse \u00a0 \u00a0 Eska Kayser est aussi pr\u00e9sente sur les r\u00e9seaux sociaux\u00a0https:\/\/www.facebook.com\/eska.kayser\/ \u00a0","rel":"","context":"Article similaire","img":{"alt_text":"","src":"https:\/\/i0.wp.com\/eska-kayser.com\/wp-content\/uploads\/image3.jpeg?resize=350%2C200&ssl=1","width":350,"height":200},"classes":[]},{"id":1265,"url":"https:\/\/eska-kayser.com\/?page_id=1265","url_meta":{"origin":2726,"position":4},"title":"Publications","date":"6 avril 2017","format":false,"excerpt":"Auteurs : Christian Noorbergen et Jeanne Gatard \u00c9diteur : Lelivredart Parution : 02\/11\/2021 Nombre de pages : 48 Achat en ligne : www.lelivredart.com\/project\/eska-kayser-les-opalines Auteurs : \u00a0Pierre Souchaud\u00a0et\u00a0Fran\u00e7oise Monnin \u00c9diteur : Iconofolio Collection :\u00a0Artension Parution : 13\/12\/2005 Nombre de pages : 47 Pr\u00e9faciers\u00a0:\u00a0Claude Debru\u00a0et\u00a0Tonia Cariffa\u00a0 Parution : 1990 Nombre de pages\u2026","rel":"","context":"Article similaire","img":{"alt_text":"","src":"https:\/\/i0.wp.com\/eska-kayser.com\/wp-content\/uploads\/F831A3E6-7802-48B6-A053-DA96EED1F313-253x300.jpeg?resize=350%2C200","width":350,"height":200},"classes":[]},{"id":2,"url":"https:\/\/eska-kayser.com\/?page_id=2","url_meta":{"origin":2726,"position":5},"title":"Principales expositions","date":"17 mars 2016","format":false,"excerpt":"2021 : Galerie Lee, Paris https:\/\/youtu.be\/tQ2SFpIzWD4?feature=shared 2019 : Galerie Lee, Paris https:\/\/youtu.be\/Sdppa7JyUUk?feature=shared 2018 : Galerie Lee, Paris 2016\u00a0: Galerie Espace, Arcueil\u00a0https:\/\/youtu.be\/3rxFCO-H1D4?feature=shared 2014 2012 2011\u00a0 Galerie Dufay-Bonnet. Paris Galerie Dufay-Bonnet. Paris Galerie Dufay-Bonnet. Paris 2006\u00a0 Galerie Margaron. Paris\u00a0: Pr\u00e9sentation du livre \"Eska Kayser\", texte Fran\u00e7oise Monnin, 2005\u00a0 Galerie Moulin. Villeneuve d'Ascq\u2026","rel":"","context":"Article similaire","img":{"alt_text":"","src":"https:\/\/i0.wp.com\/eska-kayser.com\/wp-content\/uploads\/EK-2021-invitation-253x300.jpeg?resize=350%2C200","width":350,"height":200},"classes":[]}],"_links":{"self":[{"href":"https:\/\/eska-kayser.com\/index.php?rest_route=\/wp\/v2\/pages\/2726"}],"collection":[{"href":"https:\/\/eska-kayser.com\/index.php?rest_route=\/wp\/v2\/pages"}],"about":[{"href":"https:\/\/eska-kayser.com\/index.php?rest_route=\/wp\/v2\/types\/page"}],"author":[{"embeddable":true,"href":"https:\/\/eska-kayser.com\/index.php?rest_route=\/wp\/v2\/users\/1"}],"replies":[{"embeddable":true,"href":"https:\/\/eska-kayser.com\/index.php?rest_route=%2Fwp%2Fv2%2Fcomments&post=2726"}],"version-history":[{"count":2,"href":"https:\/\/eska-kayser.com\/index.php?rest_route=\/wp\/v2\/pages\/2726\/revisions"}],"predecessor-version":[{"id":2734,"href":"https:\/\/eska-kayser.com\/index.php?rest_route=\/wp\/v2\/pages\/2726\/revisions\/2734"}],"wp:attachment":[{"href":"https:\/\/eska-kayser.com\/index.php?rest_route=%2Fwp%2Fv2%2Fmedia&parent=2726"}],"curies":[{"name":"wp","href":"https:\/\/api.w.org\/{rel}","templated":true}]}}