{"id":2745,"date":"2024-12-30T17:55:34","date_gmt":"2024-12-30T16:55:34","guid":{"rendered":"https:\/\/eska-kayser.com\/?page_id=2745"},"modified":"2025-01-02T21:23:26","modified_gmt":"2025-01-02T20:23:26","slug":"actualite-2025","status":"publish","type":"page","link":"https:\/\/eska-kayser.com\/?page_id=2745","title":{"rendered":"Actualit\u00e9 2025"},"content":{"rendered":"\n<p class=\"has-text-align-center has-large-font-size\"><strong><em>SAVE THE DATE<\/em><\/strong><\/p>\n\n\n<div class=\"wp-block-image\">\n<figure class=\"aligncenter size-medium\"><img data-attachment-id=\"2778\" data-permalink=\"https:\/\/eska-kayser.com\/?attachment_id=2778\" data-orig-file=\"https:\/\/i0.wp.com\/eska-kayser.com\/wp-content\/uploads\/IMG_1454-scaled.jpeg?fit=1805%2C2560&amp;ssl=1\" data-orig-size=\"1805,2560\" data-comments-opened=\"0\" data-image-meta=\"{&quot;aperture&quot;:&quot;1.8&quot;,&quot;credit&quot;:&quot;&quot;,&quot;camera&quot;:&quot;iPhone SE (3rd generation)&quot;,&quot;caption&quot;:&quot;&quot;,&quot;created_timestamp&quot;:&quot;1735654462&quot;,&quot;copyright&quot;:&quot;&quot;,&quot;focal_length&quot;:&quot;3.99&quot;,&quot;iso&quot;:&quot;500&quot;,&quot;shutter_speed&quot;:&quot;0.033333333333333&quot;,&quot;title&quot;:&quot;&quot;,&quot;orientation&quot;:&quot;1&quot;}\" data-image-title=\"l&amp;rsquo;oiseau curieux\" data-image-description=\"\" data-image-caption=\"\" data-medium-file=\"https:\/\/i0.wp.com\/eska-kayser.com\/wp-content\/uploads\/IMG_1454-scaled.jpeg?fit=212%2C300&amp;ssl=1\" data-large-file=\"https:\/\/i0.wp.com\/eska-kayser.com\/wp-content\/uploads\/IMG_1454-scaled.jpeg?fit=722%2C1024&amp;ssl=1\" loading=\"lazy\" width=\"212\" height=\"300\" src=\"https:\/\/i0.wp.com\/eska-kayser.com\/wp-content\/uploads\/IMG_1454-212x300.jpeg?resize=212%2C300&#038;ssl=1\" alt=\"\" class=\"wp-image-2778\" srcset=\"https:\/\/i0.wp.com\/eska-kayser.com\/wp-content\/uploads\/IMG_1454-scaled.jpeg?resize=212%2C300&amp;ssl=1 212w, https:\/\/i0.wp.com\/eska-kayser.com\/wp-content\/uploads\/IMG_1454-scaled.jpeg?resize=722%2C1024&amp;ssl=1 722w, https:\/\/i0.wp.com\/eska-kayser.com\/wp-content\/uploads\/IMG_1454-scaled.jpeg?resize=768%2C1089&amp;ssl=1 768w, https:\/\/i0.wp.com\/eska-kayser.com\/wp-content\/uploads\/IMG_1454-scaled.jpeg?resize=1083%2C1536&amp;ssl=1 1083w, https:\/\/i0.wp.com\/eska-kayser.com\/wp-content\/uploads\/IMG_1454-scaled.jpeg?resize=1444%2C2048&amp;ssl=1 1444w, https:\/\/i0.wp.com\/eska-kayser.com\/wp-content\/uploads\/IMG_1454-scaled.jpeg?w=1805&amp;ssl=1 1805w, https:\/\/i0.wp.com\/eska-kayser.com\/wp-content\/uploads\/IMG_1454-scaled.jpeg?w=1600 1600w\" sizes=\"(max-width: 212px) 100vw, 212px\" data-recalc-dims=\"1\" \/><\/figure><\/div>\n\n\n<p class=\"has-text-align-center has-large-font-size\"><strong>Vernissage <\/strong>le 23\/01\/2025<\/p>\n\n\n\n<p class=\"has-text-align-center has-large-font-size\"><strong>Exposition <\/strong>du 23 janvier au 6 f\u00e9vrier<\/p>\n\n\n\n<p class=\"has-text-align-center has-medium-font-size\">Un <strong>livre <\/strong>de pages inflammables et non un catalogue compl\u00e8te l\u2019exposition.<\/p>\n\n\n<div class=\"wp-block-image\">\n<figure class=\"aligncenter size-medium\"><img data-attachment-id=\"2763\" data-permalink=\"https:\/\/eska-kayser.com\/?attachment_id=2763\" data-orig-file=\"https:\/\/i0.wp.com\/eska-kayser.com\/wp-content\/uploads\/img_1453-2-1.jpg?fit=2000%2C1894&amp;ssl=1\" data-orig-size=\"2000,1894\" data-comments-opened=\"0\" data-image-meta=\"{&quot;aperture&quot;:&quot;1.8&quot;,&quot;credit&quot;:&quot;&quot;,&quot;camera&quot;:&quot;iPhone SE (3rd generation)&quot;,&quot;caption&quot;:&quot;&quot;,&quot;created_timestamp&quot;:&quot;1735648746&quot;,&quot;copyright&quot;:&quot;&quot;,&quot;focal_length&quot;:&quot;3.99&quot;,&quot;iso&quot;:&quot;320&quot;,&quot;shutter_speed&quot;:&quot;0.019607843137255&quot;,&quot;title&quot;:&quot;&quot;,&quot;orientation&quot;:&quot;1&quot;}\" data-image-title=\"img_1453-2-1\" data-image-description=\"\" data-image-caption=\"\" data-medium-file=\"https:\/\/i0.wp.com\/eska-kayser.com\/wp-content\/uploads\/img_1453-2-1.jpg?fit=300%2C284&amp;ssl=1\" data-large-file=\"https:\/\/i0.wp.com\/eska-kayser.com\/wp-content\/uploads\/img_1453-2-1.jpg?fit=800%2C758&amp;ssl=1\" loading=\"lazy\" width=\"300\" height=\"284\" src=\"https:\/\/i0.wp.com\/eska-kayser.com\/wp-content\/uploads\/img_1453-2-1-300x284.jpg?resize=300%2C284&#038;ssl=1\" alt=\"\" class=\"wp-image-2763\" srcset=\"https:\/\/i0.wp.com\/eska-kayser.com\/wp-content\/uploads\/img_1453-2-1.jpg?resize=300%2C284&amp;ssl=1 300w, https:\/\/i0.wp.com\/eska-kayser.com\/wp-content\/uploads\/img_1453-2-1.jpg?resize=1024%2C970&amp;ssl=1 1024w, https:\/\/i0.wp.com\/eska-kayser.com\/wp-content\/uploads\/img_1453-2-1.jpg?resize=768%2C727&amp;ssl=1 768w, https:\/\/i0.wp.com\/eska-kayser.com\/wp-content\/uploads\/img_1453-2-1.jpg?resize=1536%2C1455&amp;ssl=1 1536w, https:\/\/i0.wp.com\/eska-kayser.com\/wp-content\/uploads\/img_1453-2-1.jpg?w=2000&amp;ssl=1 2000w, https:\/\/i0.wp.com\/eska-kayser.com\/wp-content\/uploads\/img_1453-2-1.jpg?w=1600 1600w\" sizes=\"(max-width: 300px) 100vw, 300px\" data-recalc-dims=\"1\" \/><\/figure><\/div>\n\n\n<p><\/p>\n\n\n\n<p class=\"has-text-align-center has-large-font-size\">                 <strong>EN CES TEMPS TROUBL\u00c9S,<\/strong><\/p>\n\n\n\n<p class=\"has-text-align-left has-white-background-color has-background has-small-font-size\">          <strong>La sensible Eska nous donne \u00e0 voir des images existentielles d\u2019une singuli\u00e8re puissance.<\/strong><\/p>\n\n\n\n<p class=\"has-text-align-left has-white-background-color has-background has-small-font-size\">          <strong>Figurative sans \u00eatre r\u00e9aliste, ses coups de pinceau sont autant de coups de poing qui r\u00e9veillent les consciences alanguies. Elle s\u2019interroge. Les oiseaux seront-ils de bon ou de mauvaise augure ? Les m\u00e8res enfanteront-elles des Amours ou des D\u00e9mons ? La Tendresse jettera-t-elle son manteau sur la haine ? Le Masculin et le F\u00e9minin dialogueront-ils \u00e0 nouveau ? Les Anges seront-ils gardiens ou exterminateurs ?<\/strong><\/p>\n\n\n\n<p class=\"has-white-background-color has-background has-small-font-size\">          <strong>Encre, mine de plomb, gouache, aquarelle, huile -s\u00e9par\u00e9es ou associ\u00e9es- servent cette hyper-conscience et subliment l\u2019esth\u00e9tique de la laideur.<\/strong><\/p>\n\n\n\n<p class=\"has-white-background-color has-background has-small-font-size\">          <strong>Feuilletons plut\u00f4t ses<em> fleurs du mal<\/em>, attentivement, tr\u00e8s attentivement, pour en saisir tout le sens, profond, tr\u00e8s profond.<\/strong><\/p>\n\n\n\n<p class=\"has-text-align-right has-small-font-size\">Anne Steinberg, 2024<\/p>\n\n\n\n<p class=\"has-text-align-center has-large-font-size\"><strong>Rendez<\/strong>&#8211;<strong>vous \u00e0 <\/strong><\/p>\n\n\n\n<p class=\"has-text-align-center has-vivid-cyan-blue-color has-text-color has-large-font-size\">la librairie <em>Vocabulaire<\/em><\/p>\n\n\n\n<p class=\"has-text-align-center has-large-font-size\">39 boulevard du Port-Royal<\/p>\n\n\n\n<p class=\"has-text-align-center has-large-font-size\"> 75013 Paris<\/p>\n\n\n\n<p class=\"has-text-align-center has-large-font-size\">10:30 &#8211; 19:00 <\/p>\n\n\n\n<p class=\"has-text-align-center has-large-font-size\">du mardi au samedi<\/p>\n","protected":false},"excerpt":{"rendered":"<p>SAVE THE DATE Vernissage le 23\/01\/2025 Exposition du 23 janvier au 6 f\u00e9vrier Un livre de pages inflammables et non un catalogue compl\u00e8te l\u2019exposition. EN [&#8230;]<\/p>\n","protected":false},"author":1,"featured_media":0,"parent":0,"menu_order":0,"comment_status":"closed","ping_status":"closed","template":"","meta":[],"jetpack_sharing_enabled":true,"jetpack_shortlink":"https:\/\/wp.me\/P8H94R-Ih","jetpack-related-posts":[{"id":64,"url":"https:\/\/eska-kayser.com\/?page_id=64","url_meta":{"origin":2745,"position":0},"title":"Livre d&rsquo;or","date":"11 mai 2011","format":false,"excerpt":"Ils \u00a0ont \u00a0dit... La superposition des transparences On part toujours du corps dans sa transparence, dans la proportion d'une longueur par rapport \u00e0 une autre ; le corps dans son agilit\u00e9, sa fragilit\u00e9, ses accidents de parcours. De ces accidents, Eska Kayser fait toute une histoire fine.\u00a0De la douleur d'os,\u2026","rel":"","context":"Article similaire","img":{"alt_text":"","src":"https:\/\/i0.wp.com\/eska-kayser.com\/wp-content\/uploads\/IMG_3754-228x300.jpg?resize=350%2C200","width":350,"height":200},"classes":[]}],"_links":{"self":[{"href":"https:\/\/eska-kayser.com\/index.php?rest_route=\/wp\/v2\/pages\/2745"}],"collection":[{"href":"https:\/\/eska-kayser.com\/index.php?rest_route=\/wp\/v2\/pages"}],"about":[{"href":"https:\/\/eska-kayser.com\/index.php?rest_route=\/wp\/v2\/types\/page"}],"author":[{"embeddable":true,"href":"https:\/\/eska-kayser.com\/index.php?rest_route=\/wp\/v2\/users\/1"}],"replies":[{"embeddable":true,"href":"https:\/\/eska-kayser.com\/index.php?rest_route=%2Fwp%2Fv2%2Fcomments&post=2745"}],"version-history":[{"count":17,"href":"https:\/\/eska-kayser.com\/index.php?rest_route=\/wp\/v2\/pages\/2745\/revisions"}],"predecessor-version":[{"id":2787,"href":"https:\/\/eska-kayser.com\/index.php?rest_route=\/wp\/v2\/pages\/2745\/revisions\/2787"}],"wp:attachment":[{"href":"https:\/\/eska-kayser.com\/index.php?rest_route=%2Fwp%2Fv2%2Fmedia&parent=2745"}],"curies":[{"name":"wp","href":"https:\/\/api.w.org\/{rel}","templated":true}]}}